{"id":718,"date":"2016-03-01T11:09:43","date_gmt":"2016-03-01T11:09:43","guid":{"rendered":"http:\/\/teszt.optimadent.hu\/en\/?page_id=718"},"modified":"2016-05-10T07:41:12","modified_gmt":"2016-05-10T07:41:12","slug":"root-canal-therapy","status":"publish","type":"page","link":"https:\/\/www.optimadent.hu\/en\/treatments\/root-canal-therapy\/","title":{"rendered":"Root Canal Therapy"},"content":{"rendered":"<h2>Root canal therapy\u00a0at Optimadent<\/h2>\n<p>Root canal treatment is often one of the most challenging dentistry tasks. It requires patience, precision, sophisticated instruments and plenty of time.<\/p>\n<p>At our clinic the highly qualified dentists have all the devices at their disposal that make it possible to carry out even the most complicated root canal treatments safely and successfully.<\/p>\n<p>Tapasztalt orvosainknak a komplik\u00e1lt gy\u00f6k\u00e9rkezel\u00e9sek sem okoznak probl\u00e9m\u00e1t, a maxim\u00e1lis biztons\u00e1g \u00e9s siker \u00e9rdek\u00e9ben munk\u00e1jukat n\u00e1lunk a legkorszer\u0171bb berendez\u00e9sek seg\u00edtik.<\/p>\n<h3>Steeps of root canal therapy<\/h3>\n<p><img loading=\"lazy\" decoding=\"async\" class=\"size-full wp-image-335 alignright\" src=\"http:\/\/teszt.optimadent.hu\/optima453378-content\/uploads\/2016\/02\/gyokerkezeles_01.jpg\" alt=\"gyokerkezeles_01\" width=\"150\" height=\"150\" \/><img loading=\"lazy\" decoding=\"async\" class=\"size-full wp-image-337 alignleft\" src=\"http:\/\/teszt.optimadent.hu\/optima453378-content\/uploads\/2016\/02\/gyokerkezeles_03.jpg\" alt=\"gyokerkezeles_03\" width=\"150\" height=\"150\" \/>The exact position of the apex of the root is determined by an electric root canal measure device and the most up-to-date nickel-titanium file systems makes it possible to access and fill curved canals with the highest precision.<\/p>\n<p>This way we avoid making several X-ray pictures, reduce the exposure of patients to radiation and prepare precise root filling along the full length of the root canal.<\/p>\n<p>During root canal treatment, the content of the pulp chamber is removed, the cavity is made as sterile as possible and is filled along the full length of the root with a material that ensures perfect closure. The pulp chamber is located under the hard tissues of the tooth, where the veins, nerves and connective tissues are also situated. The reason for endodontic treatment is usually pulpal inflammation, caused by bacteria penetrating into the root due to a deep decay. During the treatment, both the infected content and the infected parts of the canal are removed with the help of endodontic needles.<\/p>\n<p><img loading=\"lazy\" decoding=\"async\" class=\" wp-image-338 alignleft\" src=\"http:\/\/teszt.optimadent.hu\/optima453378-content\/uploads\/2016\/02\/gyokerkezeles_04-300x116.jpg\" alt=\"gyokerkezeles_04\" width=\"326\" height=\"126\" srcset=\"https:\/\/www.optimadent.hu\/optima453378-content\/uploads\/2016\/02\/gyokerkezeles_04-300x116.jpg 300w, https:\/\/www.optimadent.hu\/optima453378-content\/uploads\/2016\/02\/gyokerkezeles_04.jpg 500w\" sizes=\"(max-width: 326px) 100vw, 326px\" \/><\/p>\n<p><strong>Steps of root canal treatment:<\/strong><\/p>\n<ol>\n<li>the bad tooth, exploration of canals<\/li>\n<li>widening canals<\/li>\n<li>root filled tooth with a crown<\/li>\n<\/ol>\n<p>&nbsp;<\/p>\n<p>The ideal root filling reaches the apex and fills the canal perfectly.<\/p>\n<h3>Book your appointment!<\/h3>\n<p>Please\u00a0call\u00a0us on +36\u00a01 240 6190 \u00a0or\u00a0fill out\u00a0the online form below.<\/p>\n\n<div class=\"wpcf7 no-js\" id=\"wpcf7-f789-o1\" lang=\"hu-HU\" dir=\"ltr\" data-wpcf7-id=\"789\">\n<div class=\"screen-reader-response\"><p role=\"status\" aria-live=\"polite\" aria-atomic=\"true\"><\/p> <ul><\/ul><\/div>\n<form action=\"\/en\/wp-json\/wp\/v2\/pages\/718#wpcf7-f789-o1\" method=\"post\" class=\"wpcf7-form init\" aria-label=\"Kapcsolatfelv\u00e9teli \u0171rlap\" novalidate=\"novalidate\" data-status=\"init\">\n<div style=\"display: none;\">\n<input type=\"hidden\" name=\"_wpcf7\" value=\"789\" \/>\n<input type=\"hidden\" name=\"_wpcf7_version\" value=\"6.0.6\" \/>\n<input type=\"hidden\" name=\"_wpcf7_locale\" value=\"hu_HU\" \/>\n<input type=\"hidden\" name=\"_wpcf7_unit_tag\" value=\"wpcf7-f789-o1\" \/>\n<input type=\"hidden\" name=\"_wpcf7_container_post\" value=\"0\" \/>\n<input type=\"hidden\" name=\"_wpcf7_posted_data_hash\" value=\"\" \/>\n<input type=\"hidden\" name=\"_wpcf7_recaptcha_response\" value=\"\" \/>\n<\/div>\n<div class=\"detailedcontact small\">\n\t<div class=\"cbody\">\n\t\t<div class=\"inner\">\n\t\t\t<div class=\"formrow clearfix\">\n\t\t\t\t<div class=\"formcol\">\n\t\t\t\t\t<p><span class=\"wpcf7-form-control-wrap\" data-name=\"vnev\"><input size=\"40\" maxlength=\"400\" class=\"wpcf7-form-control wpcf7-text wpcf7-validates-as-required\" aria-required=\"true\" aria-invalid=\"false\" placeholder=\"Last name\" value=\"\" type=\"text\" name=\"vnev\" \/><\/span>\n\t\t\t\t\t<\/p>\n\t\t\t\t<\/div>\n\t\t\t\t<div class=\"formcol\">\n\t\t\t\t\t<p><span class=\"wpcf7-form-control-wrap\" data-name=\"knev\"><input size=\"40\" maxlength=\"400\" class=\"wpcf7-form-control wpcf7-text wpcf7-validates-as-required\" aria-required=\"true\" aria-invalid=\"false\" placeholder=\"First name\" value=\"\" type=\"text\" name=\"knev\" \/><\/span>\n\t\t\t\t\t<\/p>\n\t\t\t\t<\/div>\n\t\t\t<\/div>\n\t\t\t<div class=\"formrow clearfix\">\n\t\t\t\t<div class=\"formcol\">\n\t\t\t\t\t<p><span class=\"wpcf7-form-control-wrap\" data-name=\"email\"><input size=\"40\" maxlength=\"400\" class=\"wpcf7-form-control wpcf7-email wpcf7-validates-as-required wpcf7-text wpcf7-validates-as-email\" aria-required=\"true\" aria-invalid=\"false\" placeholder=\"E-mail address\" value=\"\" type=\"email\" name=\"email\" \/><\/span>\n\t\t\t\t\t<\/p>\n\t\t\t\t<\/div>\n\t\t\t\t<div class=\"formcol\">\n\t\t\t\t\t<p><span class=\"wpcf7-form-control-wrap\" data-name=\"tel\"><input size=\"40\" maxlength=\"400\" class=\"wpcf7-form-control wpcf7-text wpcf7-validates-as-required\" aria-required=\"true\" aria-invalid=\"false\" placeholder=\"Phone number\" value=\"\" type=\"text\" name=\"tel\" \/><\/span>\n\t\t\t\t\t<\/p>\n\t\t\t\t<\/div>\n\t\t\t<\/div>\n\t\t\t<div class=\"formrow clearfix\">\n\t\t\t\t<div class=\"formcol\">\n\t\t\t\t\t<p><span class=\"wpcf7-form-control-wrap\" data-name=\"latogatas\"><input class=\"wpcf7-form-control wpcf7-date wpcf7-validates-as-required wpcf7-validates-as-date\" aria-required=\"true\" aria-invalid=\"false\" placeholder=\"On what day would you like to visit?\" value=\"\" type=\"date\" name=\"latogatas\" \/><\/span>\n\t\t\t\t\t<\/p>\n\t\t\t\t<\/div>\n\t\t\t<\/div>\n\t\t\t<div class=\"formrow clearfix\">\n\t\t\t\t<p><label>At what time would you like to visit?<\/label><span class=\"wpcf7-form-control-wrap\" data-name=\"idopont\"><span class=\"wpcf7-form-control wpcf7-checkbox\"><span class=\"wpcf7-list-item first\"><input type=\"checkbox\" name=\"idopont[]\" value=\"10:00-12:00\" \/><span class=\"wpcf7-list-item-label\">10:00-12:00<\/span><\/span><span class=\"wpcf7-list-item\"><input type=\"checkbox\" name=\"idopont[]\" value=\"12:00-14:00\" \/><span class=\"wpcf7-list-item-label\">12:00-14:00<\/span><\/span><span class=\"wpcf7-list-item\"><input type=\"checkbox\" name=\"idopont[]\" value=\"14:00-16:00\" \/><span class=\"wpcf7-list-item-label\">14:00-16:00<\/span><\/span><span class=\"wpcf7-list-item last\"><input type=\"checkbox\" name=\"idopont[]\" value=\"16:00-18:00\" \/><span class=\"wpcf7-list-item-label\">16:00-18:00<\/span><\/span><\/span><\/span>\n\t\t\t\t<\/p>\n\t\t\t<\/div>\n\t\t\t<div class=\"formrow clearfix\">\n\t\t\t\t<p><span class=\"wpcf7-form-control-wrap\" data-name=\"message\"><textarea cols=\"40\" rows=\"10\" maxlength=\"2000\" class=\"wpcf7-form-control wpcf7-textarea\" aria-invalid=\"false\" placeholder=\"Your message\" name=\"message\"><\/textarea><\/span>\n\t\t\t\t<\/p>\n\t\t\t<\/div>\n\t\t\t<div class=\"formrow clearfix\">\n\t\t\t\t<p><input class=\"wpcf7-form-control wpcf7-submit has-spinner\" type=\"submit\" value=\"Send now\" \/>\n\t\t\t\t<\/p>\n\t\t\t<\/div>\n\t\t<\/div>\n\t<\/div>\n<\/div><div class=\"wpcf7-response-output\" aria-hidden=\"true\"><\/div>\n<\/form>\n<\/div>\n\n","protected":false},"excerpt":{"rendered":"<p>Root canal treatment requires patience, precision and sophisticated instruments. Our experienced dentists focus on to resolve your problem fast and efficiently.<\/p>\n","protected":false},"author":3,"featured_media":277,"parent":707,"menu_order":30,"comment_status":"closed","ping_status":"closed","template":"","meta":{"_acf_changed":false,"footnotes":""},"class_list":["post-718","page","type-page","status-publish","has-post-thumbnail","hentry"],"acf":[],"aioseo_notices":[],"_links":{"self":[{"href":"https:\/\/www.optimadent.hu\/en\/wp-json\/wp\/v2\/pages\/718"}],"collection":[{"href":"https:\/\/www.optimadent.hu\/en\/wp-json\/wp\/v2\/pages"}],"about":[{"href":"https:\/\/www.optimadent.hu\/en\/wp-json\/wp\/v2\/types\/page"}],"author":[{"embeddable":true,"href":"https:\/\/www.optimadent.hu\/en\/wp-json\/wp\/v2\/users\/3"}],"replies":[{"embeddable":true,"href":"https:\/\/www.optimadent.hu\/en\/wp-json\/wp\/v2\/comments?post=718"}],"version-history":[{"count":10,"href":"https:\/\/www.optimadent.hu\/en\/wp-json\/wp\/v2\/pages\/718\/revisions"}],"predecessor-version":[{"id":1467,"href":"https:\/\/www.optimadent.hu\/en\/wp-json\/wp\/v2\/pages\/718\/revisions\/1467"}],"up":[{"embeddable":true,"href":"https:\/\/www.optimadent.hu\/en\/wp-json\/wp\/v2\/pages\/707"}],"wp:featuredmedia":[{"embeddable":true,"href":"https:\/\/www.optimadent.hu\/en\/wp-json\/wp\/v2\/media\/277"}],"wp:attachment":[{"href":"https:\/\/www.optimadent.hu\/en\/wp-json\/wp\/v2\/media?parent=718"}],"curies":[{"name":"wp","href":"https:\/\/api.w.org\/{rel}","templated":true}]}}