{"id":716,"date":"2016-03-01T11:08:49","date_gmt":"2016-03-01T11:08:49","guid":{"rendered":"http:\/\/teszt.optimadent.hu\/en\/?page_id=716"},"modified":"2016-05-18T08:22:17","modified_gmt":"2016-05-18T08:22:17","slug":"tooth-replacements-implants","status":"publish","type":"page","link":"https:\/\/www.optimadent.hu\/en\/treatments\/tooth-replacements-implants\/","title":{"rendered":"Tooth replacements, implants"},"content":{"rendered":"<h3>Have you lost your teeth?<\/h3>\n<p><img loading=\"lazy\" decoding=\"async\" class=\" wp-image-163 alignright\" src=\"http:\/\/teszt.optimadent.hu\/optima453378-content\/uploads\/2016\/02\/implant1a.jpg\" alt=\"implant1a\" width=\"190\" height=\"176\" \/>Placing implants is the most up-to-date method available for replacing lost teeth, using organic ingredients \u2013 they are safe, precise and anti-allergenic.\u00a0By using implants it is possible to replace any number of teeth either with fixed replacements (crowns, bridges) or removable dentures.\u00a0Optimadent has a long, 8 years experience in dental implant treatments.<\/p>\n<p><strong>Key to our success:<\/strong><\/p>\n<ul>\n<li>our dentists are experienced and highly-skilled dental professionals,<\/li>\n<li>we \u00a0exclusively use bio-compatible\u00a0and non-allergic materials,<\/li>\n<li>we are keeping the whole practice up to date and embrace the lates technology available\u00a0to provide our\u00a0patients with the high level of service.<\/li>\n<\/ul>\n<h3>Why is it crucial to replace missing teeth?<\/h3>\n<p><img loading=\"lazy\" decoding=\"async\" class=\"alignnone size-full wp-image-169 alignleft\" src=\"http:\/\/teszt.optimadent.hu\/optima453378-content\/uploads\/2016\/02\/implant4a.jpg\" alt=\"implant4a\" width=\"171\" height=\"150\" \/><\/p>\n<p>A missing tooth can make the neighbouring teeth \u2018move\u2019, and the opposite tooth may also get loose.\u00a0 It can cause chewing and digestion problems and osteoporosis in the long run.<\/p>\n<p>Placing dental implants is a process, which replaces tooth with a tooth, depending on no other teeth by doing so. Placing even one implant can prevent serious health problems. \u00a0Dental implants provide ideal aesthetic and health solution for not only those patients who either have several missing teeth or used to wear removable dentures, but also for those who have only one missing tooth. Even one missing tooth causes a great loss when it comes to chewing.<\/p>\n<p>Ideally, it is worth replacing each and every missing tooth. In case of several teeth missing, our dentists will help finding the optimal solution for our patients, involving e.g. implant-supported bridges.\u00a0Dental implants can improve the patient\u2019s quality of life to a great extent: the formerly toothless jaws become functional again, the face will be plumped up and regain its youthful and healthy shape.<\/p>\n<h3>Dental Implant? Do not be afraid!<\/h3>\n<p>Implants are placed during a small surgery under local anaesthetic. This surgery is fast and\u00a0analgesic, ideally it does\u00a0not\u00a0last more than filling a teeth.\u00a0The replacement (crown, bridge or denture) is fitted following a healing period of 3-6 months.<\/p>\n<p>Prior to surgery, X-ray images and a 3D CT scan are obtained of the bones, as dental implants can be placed only in a certain width of bone. Based on the images\/scans, the dentist decides on the implantation technique or the number of implants needed. The dentist also decides whether bone grafting is needed, as there are cases when there is not enough bone in the jaw and therefore implants can only be placed after augmenting the bone.<\/p>\n<h3>Misconceptions about tooth replacement!<\/h3>\n<p><strong>1. \u00a0 \u00a0 \u00a0 I don&#8217;t have enough bone for dental\u00a0implants!<\/strong><\/p>\n<p>For placing an implant, at least a bone width of 6 mm is needed: in case of a thinner bone, bone augmentation is necessary. Bone augmentation is carried out by using bone substitutes, which are sterile, safe and tissue-friendly. In some cases the patient\u2019s own bone is used. Bone augmentation materials build in the bones perfectly and increase their width.<\/p>\n<p>Another requirement is \u201cbone height\u201d, this needs to be at least 8-10mm. In case of back teeth, the closeness of the oral cavity (sinus maxillaris) makes it difficult to place implants, and in case of an unfavourable anatomy, a sinus lift operation is required. In that case the bone is augmented by lifting the mucosa of the oral cavity. It is a well-tested solution for increasing the height of the bone.<\/p>\n<p><img loading=\"lazy\" decoding=\"async\" class=\"wp-image-304 aligncenter\" src=\"http:\/\/teszt.optimadent.hu\/optima453378-content\/uploads\/2016\/02\/implantologia_08-300x98.jpg\" alt=\"implantologia_08\" width=\"409\" height=\"134\" \/>Bone augmentation may be carried out at the same time as placing the implant, or in a rather unfavourable case the augmentation is the first step followed by a healing period of 6-8 months, after which the implant is placed.<\/p>\n<p>The operation is done by the oral surgeon under local anaesthetic, during which process the dental implant is placed into the gums. Following the healing period, the replacement (crown, bridge, denture) is fitted, fully meeting both health and aesthetic requirements.<\/p>\n<p>&nbsp;<\/p>\n<div id=\"attachment_303\" style=\"width: 210px\" class=\"wp-caption alignleft\"><img loading=\"lazy\" decoding=\"async\" aria-describedby=\"caption-attachment-303\" class=\"size-full wp-image-303\" src=\"http:\/\/teszt.optimadent.hu\/optima453378-content\/uploads\/2016\/02\/implantologia_05.jpg\" alt=\"Korona \u00e9s h\u00eddp\u00f3tl\u00e1s implant\u00e1tumon\" width=\"200\" height=\"200\" srcset=\"https:\/\/www.optimadent.hu\/optima453378-content\/uploads\/2016\/02\/implantologia_05.jpg 200w, https:\/\/www.optimadent.hu\/optima453378-content\/uploads\/2016\/02\/implantologia_05-150x150.jpg 150w\" sizes=\"(max-width: 200px) 100vw, 200px\" \/><p id=\"caption-attachment-303\" class=\"wp-caption-text\">Korona \u00e9s h\u00eddp\u00f3tl\u00e1s implant\u00e1tumon<\/p><\/div>\n<div id=\"attachment_302\" style=\"width: 210px\" class=\"wp-caption aligncenter\"><img loading=\"lazy\" decoding=\"async\" aria-describedby=\"caption-attachment-302\" class=\"size-full wp-image-302\" src=\"http:\/\/teszt.optimadent.hu\/optima453378-content\/uploads\/2016\/02\/implantologia_04.jpg\" alt=\"Implant\u00e1tumon r\u00f6gz\u00edtett fogsor\" width=\"200\" height=\"200\" srcset=\"https:\/\/www.optimadent.hu\/optima453378-content\/uploads\/2016\/02\/implantologia_04.jpg 200w, https:\/\/www.optimadent.hu\/optima453378-content\/uploads\/2016\/02\/implantologia_04-150x150.jpg 150w\" sizes=\"(max-width: 200px) 100vw, 200px\" \/><p id=\"caption-attachment-302\" class=\"wp-caption-text\">Implant\u00e1tumon r\u00f6gz\u00edtett fogsor<\/p><\/div>\n<p>&nbsp;<\/p>\n<p><strong>2. \u00a0 \u00a0 \u00a0 I remain without teeth after the implantation!\u00a0<\/strong><\/p>\n<p>We are caring you during the whole dental process.\u00a0Your dentist will make a temporary denture or bridge for you, so you will not be without teeth during the healing period and can smile free.<\/p>\n<h3>Do you have any questions? Please contact us!<\/h3>\n<p>Please\u00a0call\u00a0us on <span style=\"color: #0000ff;\">+36\u00a01 240 6190<\/span> \u00a0or\u00a0fill out\u00a0the online form below.<\/p>\n\n<div class=\"wpcf7 no-js\" id=\"wpcf7-f789-o1\" lang=\"hu-HU\" dir=\"ltr\" data-wpcf7-id=\"789\">\n<div class=\"screen-reader-response\"><p role=\"status\" aria-live=\"polite\" aria-atomic=\"true\"><\/p> <ul><\/ul><\/div>\n<form action=\"\/en\/wp-json\/wp\/v2\/pages\/716#wpcf7-f789-o1\" method=\"post\" class=\"wpcf7-form init\" aria-label=\"Kapcsolatfelv\u00e9teli \u0171rlap\" novalidate=\"novalidate\" data-status=\"init\">\n<div style=\"display: none;\">\n<input type=\"hidden\" name=\"_wpcf7\" value=\"789\" \/>\n<input type=\"hidden\" name=\"_wpcf7_version\" value=\"6.0.6\" \/>\n<input type=\"hidden\" name=\"_wpcf7_locale\" value=\"hu_HU\" \/>\n<input type=\"hidden\" name=\"_wpcf7_unit_tag\" value=\"wpcf7-f789-o1\" \/>\n<input type=\"hidden\" name=\"_wpcf7_container_post\" value=\"0\" \/>\n<input type=\"hidden\" name=\"_wpcf7_posted_data_hash\" value=\"\" \/>\n<input type=\"hidden\" name=\"_wpcf7_recaptcha_response\" value=\"\" \/>\n<\/div>\n<div class=\"detailedcontact small\">\n\t<div class=\"cbody\">\n\t\t<div class=\"inner\">\n\t\t\t<div class=\"formrow clearfix\">\n\t\t\t\t<div class=\"formcol\">\n\t\t\t\t\t<p><span class=\"wpcf7-form-control-wrap\" data-name=\"vnev\"><input size=\"40\" maxlength=\"400\" class=\"wpcf7-form-control wpcf7-text wpcf7-validates-as-required\" aria-required=\"true\" aria-invalid=\"false\" placeholder=\"Last name\" value=\"\" type=\"text\" name=\"vnev\" \/><\/span>\n\t\t\t\t\t<\/p>\n\t\t\t\t<\/div>\n\t\t\t\t<div class=\"formcol\">\n\t\t\t\t\t<p><span class=\"wpcf7-form-control-wrap\" data-name=\"knev\"><input size=\"40\" maxlength=\"400\" class=\"wpcf7-form-control wpcf7-text wpcf7-validates-as-required\" aria-required=\"true\" aria-invalid=\"false\" placeholder=\"First name\" value=\"\" type=\"text\" name=\"knev\" \/><\/span>\n\t\t\t\t\t<\/p>\n\t\t\t\t<\/div>\n\t\t\t<\/div>\n\t\t\t<div class=\"formrow clearfix\">\n\t\t\t\t<div class=\"formcol\">\n\t\t\t\t\t<p><span class=\"wpcf7-form-control-wrap\" data-name=\"email\"><input size=\"40\" maxlength=\"400\" class=\"wpcf7-form-control wpcf7-email wpcf7-validates-as-required wpcf7-text wpcf7-validates-as-email\" aria-required=\"true\" aria-invalid=\"false\" placeholder=\"E-mail address\" value=\"\" type=\"email\" name=\"email\" \/><\/span>\n\t\t\t\t\t<\/p>\n\t\t\t\t<\/div>\n\t\t\t\t<div class=\"formcol\">\n\t\t\t\t\t<p><span class=\"wpcf7-form-control-wrap\" data-name=\"tel\"><input size=\"40\" maxlength=\"400\" class=\"wpcf7-form-control wpcf7-text wpcf7-validates-as-required\" aria-required=\"true\" aria-invalid=\"false\" placeholder=\"Phone number\" value=\"\" type=\"text\" name=\"tel\" \/><\/span>\n\t\t\t\t\t<\/p>\n\t\t\t\t<\/div>\n\t\t\t<\/div>\n\t\t\t<div class=\"formrow clearfix\">\n\t\t\t\t<div class=\"formcol\">\n\t\t\t\t\t<p><span class=\"wpcf7-form-control-wrap\" data-name=\"latogatas\"><input class=\"wpcf7-form-control wpcf7-date wpcf7-validates-as-required wpcf7-validates-as-date\" aria-required=\"true\" aria-invalid=\"false\" placeholder=\"On what day would you like to visit?\" value=\"\" type=\"date\" name=\"latogatas\" \/><\/span>\n\t\t\t\t\t<\/p>\n\t\t\t\t<\/div>\n\t\t\t<\/div>\n\t\t\t<div class=\"formrow clearfix\">\n\t\t\t\t<p><label>At what time would you like to visit?<\/label><span class=\"wpcf7-form-control-wrap\" data-name=\"idopont\"><span class=\"wpcf7-form-control wpcf7-checkbox\"><span class=\"wpcf7-list-item first\"><input type=\"checkbox\" name=\"idopont[]\" value=\"10:00-12:00\" \/><span class=\"wpcf7-list-item-label\">10:00-12:00<\/span><\/span><span class=\"wpcf7-list-item\"><input type=\"checkbox\" name=\"idopont[]\" value=\"12:00-14:00\" \/><span class=\"wpcf7-list-item-label\">12:00-14:00<\/span><\/span><span class=\"wpcf7-list-item\"><input type=\"checkbox\" name=\"idopont[]\" value=\"14:00-16:00\" \/><span class=\"wpcf7-list-item-label\">14:00-16:00<\/span><\/span><span class=\"wpcf7-list-item last\"><input type=\"checkbox\" name=\"idopont[]\" value=\"16:00-18:00\" \/><span class=\"wpcf7-list-item-label\">16:00-18:00<\/span><\/span><\/span><\/span>\n\t\t\t\t<\/p>\n\t\t\t<\/div>\n\t\t\t<div class=\"formrow clearfix\">\n\t\t\t\t<p><span class=\"wpcf7-form-control-wrap\" data-name=\"message\"><textarea cols=\"40\" rows=\"10\" maxlength=\"2000\" class=\"wpcf7-form-control wpcf7-textarea\" aria-invalid=\"false\" placeholder=\"Your message\" name=\"message\"><\/textarea><\/span>\n\t\t\t\t<\/p>\n\t\t\t<\/div>\n\t\t\t<div class=\"formrow clearfix\">\n\t\t\t\t<p><input class=\"wpcf7-form-control wpcf7-submit has-spinner\" type=\"submit\" value=\"Send now\" \/>\n\t\t\t\t<\/p>\n\t\t\t<\/div>\n\t\t<\/div>\n\t<\/div>\n<\/div><div class=\"wpcf7-response-output\" aria-hidden=\"true\"><\/div>\n<\/form>\n<\/div>\n\n","protected":false},"excerpt":{"rendered":"<p>Our professionals have 8 years experience in dental implant treatments. Placing implants is the most up-to-date and safe method available for replacing you lost teeth!<\/p>\n","protected":false},"author":3,"featured_media":279,"parent":707,"menu_order":15,"comment_status":"closed","ping_status":"closed","template":"","meta":{"_acf_changed":false,"footnotes":""},"class_list":["post-716","page","type-page","status-publish","has-post-thumbnail","hentry"],"acf":[],"aioseo_notices":[],"_links":{"self":[{"href":"https:\/\/www.optimadent.hu\/en\/wp-json\/wp\/v2\/pages\/716"}],"collection":[{"href":"https:\/\/www.optimadent.hu\/en\/wp-json\/wp\/v2\/pages"}],"about":[{"href":"https:\/\/www.optimadent.hu\/en\/wp-json\/wp\/v2\/types\/page"}],"author":[{"embeddable":true,"href":"https:\/\/www.optimadent.hu\/en\/wp-json\/wp\/v2\/users\/3"}],"replies":[{"embeddable":true,"href":"https:\/\/www.optimadent.hu\/en\/wp-json\/wp\/v2\/comments?post=716"}],"version-history":[{"count":22,"href":"https:\/\/www.optimadent.hu\/en\/wp-json\/wp\/v2\/pages\/716\/revisions"}],"predecessor-version":[{"id":1517,"href":"https:\/\/www.optimadent.hu\/en\/wp-json\/wp\/v2\/pages\/716\/revisions\/1517"}],"up":[{"embeddable":true,"href":"https:\/\/www.optimadent.hu\/en\/wp-json\/wp\/v2\/pages\/707"}],"wp:featuredmedia":[{"embeddable":true,"href":"https:\/\/www.optimadent.hu\/en\/wp-json\/wp\/v2\/media\/279"}],"wp:attachment":[{"href":"https:\/\/www.optimadent.hu\/en\/wp-json\/wp\/v2\/media?parent=716"}],"curies":[{"name":"wp","href":"https:\/\/api.w.org\/{rel}","templated":true}]}}