{"id":705,"date":"2016-03-01T11:03:58","date_gmt":"2016-03-01T11:03:58","guid":{"rendered":"http:\/\/teszt.optimadent.hu\/en\/?page_id=705"},"modified":"2016-05-10T07:12:14","modified_gmt":"2016-05-10T07:12:14","slug":"footer","status":"publish","type":"page","link":"https:\/\/www.optimadent.hu\/en\/footer\/","title":{"rendered":"Footer"},"content":{"rendered":"<h5>Optimadent\u00a0Dental Clinic<\/h5>\n<p>Budapest 1039, III. district, R\u00e1k\u00f3czi str. 36., Csillagv\u00e1r Shopping Center<\/p>\n<p>Phone: 06 1 240 6190<br \/>\nE-mail: info@optimadent.hu<br \/>\nOpening hours: Monday-Friday: 09:00 \u2013 20:00, Saturday: 9:00 \u2013 18:00<\/p>\n","protected":false},"excerpt":{"rendered":"<p>Optimadent\u00a0Dental Clinic Budapest 1039, III. district, R\u00e1k\u00f3czi str. 36., Csillagv\u00e1r Shopping Center Phone: 06 1 240 6190 E-mail: info@optimadent.hu Opening hours: Monday-Friday: 09:00 \u2013 20:00, Saturday: 9:00 \u2013 18:00<\/p>\n","protected":false},"author":3,"featured_media":0,"parent":0,"menu_order":79,"comment_status":"closed","ping_status":"closed","template":"","meta":{"_acf_changed":false,"footnotes":""},"class_list":["post-705","page","type-page","status-publish","hentry"],"acf":[],"aioseo_notices":[],"_links":{"self":[{"href":"https:\/\/www.optimadent.hu\/en\/wp-json\/wp\/v2\/pages\/705"}],"collection":[{"href":"https:\/\/www.optimadent.hu\/en\/wp-json\/wp\/v2\/pages"}],"about":[{"href":"https:\/\/www.optimadent.hu\/en\/wp-json\/wp\/v2\/types\/page"}],"author":[{"embeddable":true,"href":"https:\/\/www.optimadent.hu\/en\/wp-json\/wp\/v2\/users\/3"}],"replies":[{"embeddable":true,"href":"https:\/\/www.optimadent.hu\/en\/wp-json\/wp\/v2\/comments?post=705"}],"version-history":[{"count":4,"href":"https:\/\/www.optimadent.hu\/en\/wp-json\/wp\/v2\/pages\/705\/revisions"}],"predecessor-version":[{"id":1455,"href":"https:\/\/www.optimadent.hu\/en\/wp-json\/wp\/v2\/pages\/705\/revisions\/1455"}],"wp:attachment":[{"href":"https:\/\/www.optimadent.hu\/en\/wp-json\/wp\/v2\/media?parent=705"}],"curies":[{"name":"wp","href":"https:\/\/api.w.org\/{rel}","templated":true}]}}