{"id":1566,"date":"2016-05-26T11:28:36","date_gmt":"2016-05-26T11:28:36","guid":{"rendered":"http:\/\/www.optimadent.hu\/en\/?page_id=1566"},"modified":"2016-05-27T13:22:55","modified_gmt":"2016-05-27T13:22:55","slug":"prices","status":"publish","type":"page","link":"https:\/\/www.optimadent.hu\/en\/fees-offers\/prices\/","title":{"rendered":"Prices"},"content":{"rendered":"<h3>We promise straightforward pricing\u00a0since the first moment<\/h3>\n<p style=\"text-align: justify;\">Once you are\u00a0seen by our\u00a0dentist for a comprehensive exam and x-rays,\u00a0the dentist can diagnose any problems found and develop a treatment plan.\u00a0The treatment plan includes an\u00a0itemized list of dental procedures, technologies and materials recommended. It contains\u00a0all plannable expenses,\u00a0with no hidden costs.<\/p>\n<h3>Price offer\u00a0especially for you<\/h3>\n<p style=\"text-align: justify;\">Your detailed treatment plan will contain several options and we will explain the advantages of each procedure and recommended materials.\u00a0We\u00a0will discuss with you the various options available so that you can decide which one best suits your needs.<\/p>\n<h3>Take a look at our current promotion<\/h3>\n<p>Special offers at Optimadent Dental Clinic!\u00a0 Read more<a href=\"http:\/\/teszt.optimadent.hu\/ajanlatok-arak\/aktualis-akcionk\/\">\u00a0&gt;&gt;<\/a><\/p>\n<h3>Book your appointment!<\/h3>\n<p>Please\u00a0call\u00a0us on +36\u00a01 240 6190 \u00a0or\u00a0fill out\u00a0the online form below.<\/p>\n\n<div class=\"wpcf7 no-js\" id=\"wpcf7-f789-o1\" lang=\"hu-HU\" dir=\"ltr\" data-wpcf7-id=\"789\">\n<div class=\"screen-reader-response\"><p role=\"status\" aria-live=\"polite\" aria-atomic=\"true\"><\/p> <ul><\/ul><\/div>\n<form action=\"\/en\/wp-json\/wp\/v2\/pages\/1566#wpcf7-f789-o1\" method=\"post\" class=\"wpcf7-form init\" aria-label=\"Kapcsolatfelv\u00e9teli \u0171rlap\" novalidate=\"novalidate\" data-status=\"init\">\n<div style=\"display: none;\">\n<input type=\"hidden\" name=\"_wpcf7\" value=\"789\" \/>\n<input type=\"hidden\" name=\"_wpcf7_version\" value=\"6.0.6\" \/>\n<input type=\"hidden\" name=\"_wpcf7_locale\" value=\"hu_HU\" \/>\n<input type=\"hidden\" name=\"_wpcf7_unit_tag\" value=\"wpcf7-f789-o1\" \/>\n<input type=\"hidden\" name=\"_wpcf7_container_post\" value=\"0\" \/>\n<input type=\"hidden\" name=\"_wpcf7_posted_data_hash\" value=\"\" \/>\n<input type=\"hidden\" name=\"_wpcf7_recaptcha_response\" value=\"\" \/>\n<\/div>\n<div class=\"detailedcontact small\">\n\t<div class=\"cbody\">\n\t\t<div class=\"inner\">\n\t\t\t<div class=\"formrow clearfix\">\n\t\t\t\t<div class=\"formcol\">\n\t\t\t\t\t<p><span class=\"wpcf7-form-control-wrap\" data-name=\"vnev\"><input size=\"40\" maxlength=\"400\" class=\"wpcf7-form-control wpcf7-text wpcf7-validates-as-required\" aria-required=\"true\" aria-invalid=\"false\" placeholder=\"Last name\" value=\"\" type=\"text\" name=\"vnev\" \/><\/span>\n\t\t\t\t\t<\/p>\n\t\t\t\t<\/div>\n\t\t\t\t<div class=\"formcol\">\n\t\t\t\t\t<p><span class=\"wpcf7-form-control-wrap\" data-name=\"knev\"><input size=\"40\" maxlength=\"400\" class=\"wpcf7-form-control wpcf7-text wpcf7-validates-as-required\" aria-required=\"true\" aria-invalid=\"false\" placeholder=\"First name\" value=\"\" type=\"text\" name=\"knev\" \/><\/span>\n\t\t\t\t\t<\/p>\n\t\t\t\t<\/div>\n\t\t\t<\/div>\n\t\t\t<div class=\"formrow clearfix\">\n\t\t\t\t<div class=\"formcol\">\n\t\t\t\t\t<p><span class=\"wpcf7-form-control-wrap\" data-name=\"email\"><input size=\"40\" maxlength=\"400\" class=\"wpcf7-form-control wpcf7-email wpcf7-validates-as-required wpcf7-text wpcf7-validates-as-email\" aria-required=\"true\" aria-invalid=\"false\" placeholder=\"E-mail address\" value=\"\" type=\"email\" name=\"email\" \/><\/span>\n\t\t\t\t\t<\/p>\n\t\t\t\t<\/div>\n\t\t\t\t<div class=\"formcol\">\n\t\t\t\t\t<p><span class=\"wpcf7-form-control-wrap\" data-name=\"tel\"><input size=\"40\" maxlength=\"400\" class=\"wpcf7-form-control wpcf7-text wpcf7-validates-as-required\" aria-required=\"true\" aria-invalid=\"false\" placeholder=\"Phone number\" value=\"\" type=\"text\" name=\"tel\" \/><\/span>\n\t\t\t\t\t<\/p>\n\t\t\t\t<\/div>\n\t\t\t<\/div>\n\t\t\t<div class=\"formrow clearfix\">\n\t\t\t\t<div class=\"formcol\">\n\t\t\t\t\t<p><span class=\"wpcf7-form-control-wrap\" data-name=\"latogatas\"><input class=\"wpcf7-form-control wpcf7-date wpcf7-validates-as-required wpcf7-validates-as-date\" aria-required=\"true\" aria-invalid=\"false\" placeholder=\"On what day would you like to visit?\" value=\"\" type=\"date\" name=\"latogatas\" \/><\/span>\n\t\t\t\t\t<\/p>\n\t\t\t\t<\/div>\n\t\t\t<\/div>\n\t\t\t<div class=\"formrow clearfix\">\n\t\t\t\t<p><label>At what time would you like to visit?<\/label><span class=\"wpcf7-form-control-wrap\" data-name=\"idopont\"><span class=\"wpcf7-form-control wpcf7-checkbox\"><span class=\"wpcf7-list-item first\"><input type=\"checkbox\" name=\"idopont[]\" value=\"10:00-12:00\" \/><span class=\"wpcf7-list-item-label\">10:00-12:00<\/span><\/span><span class=\"wpcf7-list-item\"><input type=\"checkbox\" name=\"idopont[]\" value=\"12:00-14:00\" \/><span class=\"wpcf7-list-item-label\">12:00-14:00<\/span><\/span><span class=\"wpcf7-list-item\"><input type=\"checkbox\" name=\"idopont[]\" value=\"14:00-16:00\" \/><span class=\"wpcf7-list-item-label\">14:00-16:00<\/span><\/span><span class=\"wpcf7-list-item last\"><input type=\"checkbox\" name=\"idopont[]\" value=\"16:00-18:00\" \/><span class=\"wpcf7-list-item-label\">16:00-18:00<\/span><\/span><\/span><\/span>\n\t\t\t\t<\/p>\n\t\t\t<\/div>\n\t\t\t<div class=\"formrow clearfix\">\n\t\t\t\t<p><span class=\"wpcf7-form-control-wrap\" data-name=\"message\"><textarea cols=\"40\" rows=\"10\" maxlength=\"2000\" class=\"wpcf7-form-control wpcf7-textarea\" aria-invalid=\"false\" placeholder=\"Your message\" name=\"message\"><\/textarea><\/span>\n\t\t\t\t<\/p>\n\t\t\t<\/div>\n\t\t\t<div class=\"formrow clearfix\">\n\t\t\t\t<p><input class=\"wpcf7-form-control wpcf7-submit has-spinner\" type=\"submit\" value=\"Send now\" \/>\n\t\t\t\t<\/p>\n\t\t\t<\/div>\n\t\t<\/div>\n\t<\/div>\n<\/div><div class=\"wpcf7-response-output\" aria-hidden=\"true\"><\/div>\n<\/form>\n<\/div>\n\n<h3>Price List<\/h3>\n<p>We would like to call to your attention that the prices below are for informative purposes only;\u00a0for a personalized price offer and treatment plan please visit our Clinic!<\/p>\n\n<table id=\"tablepress-1\" class=\"tablepress tablepress-id-1\">\n<tbody class=\"row-hover\">\n<tr class=\"row-1\">\n\t<td class=\"column-1\"><strong>Konzult\u00e1ci\u00f3, diagnosztika<\/strong><\/td><td class=\"column-2\"><\/td>\n<\/tr>\n<tr class=\"row-2\">\n\t<td class=\"column-1\">Konzult\u00e1ci\u00f3 (feln\u0151tt) - \u00c1llapotfelm\u00e9r\u00e9s, r\u00e9szletes \u00edrott kezel\u00e9si terv, diagnosztika ki\u00e9rt\u00e9kel\u00e9se<\/td><td class=\"column-2\">22.000 HUF<\/td>\n<\/tr>\n<tr class=\"row-3\">\n\t<td class=\"column-1\">Konzult\u00e1ci\u00f3 (gyermek) - \u00c1ltal\u00e1nos fel\u00fclvizsg\u00e1lat, \u00edrott kezel\u00e9si terv<\/td><td class=\"column-2\">13.000 HUF<\/td>\n<\/tr>\n<tr class=\"row-4\">\n\t<td class=\"column-1\">R\u00f6ntgen - Panor\u00e1ma <\/td><td class=\"column-2\">14.000 HUF <\/td>\n<\/tr>\n<tr class=\"row-5\">\n\t<td class=\"column-1\">R\u00f6ntgen - Periapik\u00e1lis (kisr\u00f6ntgen) <\/td><td class=\"column-2\">8.000 HUF <\/td>\n<\/tr>\n<tr class=\"row-6\">\n\t<td class=\"column-1\">CT felv\u00e9tel - Kis t\u00e9rfogat\u00fa 3D CBCT felv\u00e9tel<\/td><td class=\"column-2\">25.000 HUF<\/td>\n<\/tr>\n<tr class=\"row-7\">\n\t<td class=\"column-1\">CT felv\u00e9tel - Nagy t\u00e9rfogat\u00fa 3D CBCT felv\u00e9tel<\/td><td class=\"column-2\">34.500 HUF<\/td>\n<\/tr>\n<tr class=\"row-8\">\n\t<td class=\"column-1\"><\/td><td class=\"column-2\"><\/td>\n<\/tr>\n<tr class=\"row-9\">\n\t<td class=\"column-1\"><strong>Dent\u00e1lhigi\u00e9nia, fogfeh\u00e9r\u00edt\u00e9s<strong><\/td><td class=\"column-2\"><\/td>\n<\/tr>\n<tr class=\"row-10\">\n\t<td class=\"column-1\">Dent\u00e1lhigi\u00e9n\u00e9s kezel\u00e9s (UH depur\u00e1l\u00e1s, pol\u00edroz\u00e1s Profiflex-szel)<\/td><td class=\"column-2\">33.500 HUF<\/td>\n<\/tr>\n<tr class=\"row-11\">\n\t<td class=\"column-1\">Fogfeh\u00e9r\u00edt\u00e9s - Zoom Advanced Power<\/td><td class=\"column-2\">139.000 HUF<\/td>\n<\/tr>\n<tr class=\"row-12\">\n\t<td class=\"column-1\">Otthoni fogfeh\u00e9r\u00edt\u00e9s (als\u00f3, fels\u0151)<\/td><td class=\"column-2\">80.000 HUF<\/td>\n<\/tr>\n<tr class=\"row-13\">\n\t<td class=\"column-1\">Otthoni fogfeh\u00e9r\u00edt\u00e9s \/ \u00e1llcsont)<\/td><td class=\"column-2\">45.000 HUF<\/td>\n<\/tr>\n<tr class=\"row-14\">\n\t<td class=\"column-1\"><\/td><td class=\"column-2\"><\/td>\n<\/tr>\n<tr class=\"row-15\">\n\t<td class=\"column-1\"><strong>Eszt\u00e9tikai fog\u00e1szat, konzerv\u00e1l\u00f3 fog\u00e1szat<strong><\/strong><\/td><td class=\"column-2\"><\/td>\n<\/tr>\n<tr class=\"row-16\">\n\t<td class=\"column-1\">Eszt\u00e9tikus nyaki t\u00f6m\u00e9s<\/td><td class=\"column-2\">37.000 HUF<\/td>\n<\/tr>\n<tr class=\"row-17\">\n\t<td class=\"column-1\">Eszt\u00e9tikus t\u00f6m\u00e9s front fogba (1 felsz\u00edn)<\/td><td class=\"column-2\">39.000 HUF<\/td>\n<\/tr>\n<tr class=\"row-18\">\n\t<td class=\"column-1\">Eszt\u00e9tikus t\u00f6m\u00e9s front fogba (2 felsz\u00edn)<\/td><td class=\"column-2\">55.000 HUF<\/td>\n<\/tr>\n<tr class=\"row-19\">\n\t<td class=\"column-1\">Eszt\u00e9tikus t\u00f6m\u00e9s mol\u00e1ris fogba (1 felsz\u00edn)<\/td><td class=\"column-2\">48.000 HUF<\/td>\n<\/tr>\n<tr class=\"row-20\">\n\t<td class=\"column-1\">Eszt\u00e9tikus t\u00f6m\u00e9s mol\u00e1ris fogba (t\u00f6bb felsz\u00edn)<\/td><td class=\"column-2\">59.000 HUF<\/td>\n<\/tr>\n<tr class=\"row-21\">\n\t<td class=\"column-1\">\u00d3zonkezel\u00e9s<\/td><td class=\"column-2\">5.000 HUF-t\u00f3l<\/td>\n<\/tr>\n<tr class=\"row-22\">\n\t<td class=\"column-1\">Bar\u00e1zdaz\u00e1r\u00e1s \u00f3zonos fert\u00f5tlen\u00edt\u00e9ssel<\/td><td class=\"column-2\">25.000 HUF<\/td>\n<\/tr>\n<tr class=\"row-23\">\n\t<td class=\"column-1\">Digit\u00e1lis lenyomat - Digital Scan<\/td><td class=\"column-2\">25.000 HUF-t\u00f3l<\/td>\n<\/tr>\n<tr class=\"row-24\">\n\t<td class=\"column-1\">Ker\u00e1mia Inlay\/Bet\u00e9t<\/td><td class=\"column-2\">135.000 HUF<\/td>\n<\/tr>\n<tr class=\"row-25\">\n\t<td class=\"column-1\">Cirkon Inlay\/Bet\u00e9t<\/td><td class=\"column-2\">125 000 HUF<\/td>\n<\/tr>\n<tr class=\"row-26\">\n\t<td class=\"column-1\">Ker\u00e1mia h\u00e9j<\/td><td class=\"column-2\">145.000 HUF<\/td>\n<\/tr>\n<tr class=\"row-27\">\n\t<td class=\"column-1\">Cirkon h\u00e9j<\/td><td class=\"column-2\">125.000 Huf<\/td>\n<\/tr>\n<tr class=\"row-28\">\n\t<td class=\"column-1\">Ker\u00e1mia korona E-max (f\u00e9mmentes)<\/td><td class=\"column-2\">145.000 HUF<\/td>\n<\/tr>\n<tr class=\"row-29\">\n\t<td class=\"column-1\">Cirkon korona (f\u00e9mmentes)<\/td><td class=\"column-2\">125.000 HUF<\/td>\n<\/tr>\n<tr class=\"row-30\">\n\t<td class=\"column-1\">Cirkon korona implant\u00e1tumra (\u00e1tmen\u0151csavaros)<\/td><td class=\"column-2\">135.000 HUF<\/td>\n<\/tr>\n<tr class=\"row-31\">\n\t<td class=\"column-1\">F\u00e9mker\u00e1mia korona<\/td><td class=\"column-2\">98.000 HUF<\/td>\n<\/tr>\n<tr class=\"row-32\">\n\t<td class=\"column-1\">F\u00e9mker\u00e1mia korona implant\u00e1tumra (\u00e1tmen\u0151csavaros)<\/td><td class=\"column-2\">108.000 HUF<\/td>\n<\/tr>\n<tr class=\"row-33\">\n\t<td class=\"column-1\">Teljes fogsor \u00e1llcsontonk\u00e9nt (kivehet\u0151)<\/td><td class=\"column-2\">290.000 HUF-t\u00f3l<\/td>\n<\/tr>\n<tr class=\"row-34\">\n\t<td class=\"column-1\"><\/td><td class=\"column-2\"><\/td>\n<\/tr>\n<tr class=\"row-35\">\n\t<td class=\"column-1\"><strong>Mikroszk\u00f3pos kezel\u00e9sek<\/strong><\/td><td class=\"column-2\"><\/td>\n<\/tr>\n<tr class=\"row-36\">\n\t<td class=\"column-1\">Mikroszk\u00f3pos gy\u00f6k\u00e9rkezel\u00e9s (1 csatorna) <\/td><td class=\"column-2\">180.000 Ft<\/td>\n<\/tr>\n<tr class=\"row-37\">\n\t<td class=\"column-1\">Mikroszk\u00f3pos gy\u00f6k\u00e9rkezel\u00e9s (2 csatorna) <\/td><td class=\"column-2\">190.000 Ft<br \/>\n<\/td>\n<\/tr>\n<tr class=\"row-38\">\n\t<td class=\"column-1\">Mikroszk\u00f3pos gy\u00f6k\u00e9rkezel\u00e9s (3 csatorna) <\/td><td class=\"column-2\">210.000 Ft<\/td>\n<\/tr>\n<tr class=\"row-39\">\n\t<td class=\"column-1\">Mikroszk\u00f3pos gy\u00f6k\u00e9rkezel\u00e9s (4 csatorna) <\/td><td class=\"column-2\">225.000 Ft<\/td>\n<\/tr>\n<tr class=\"row-40\">\n\t<td class=\"column-1\">Mikroszk\u00f3pos bet\u00f6rt m\u0171szer elt\u00e1vol\u00edt\u00e1s<\/td><td class=\"column-2\">60.000 Ft<\/td>\n<\/tr>\n<tr class=\"row-41\">\n\t<td class=\"column-1\">Mikroszk\u00f3p alatt k\u00e9sz\u00edtett Direkt Gradia bet\u00e9t <\/td><td class=\"column-2\">75.000 Ft<\/td>\n<\/tr>\n<tr class=\"row-42\">\n\t<td class=\"column-1\">T\u00f6m\u00e9s, fogp\u00f3tl\u00e1s k\u00e9sz\u00edt\u00e9se mikroszk\u00f3p alatt (kezel\u00e9si fel\u00e1r\/fog)<\/td><td class=\"column-2\">15.000 Ft<\/td>\n<\/tr>\n<tr class=\"row-43\">\n\t<td class=\"column-1\"><\/td><td class=\"column-2\"><\/td>\n<\/tr>\n<tr class=\"row-44\">\n\t<td class=\"column-1\"><strong>Implantol\u00f3gia, fogbe\u00fcltet\u00e9s<\/strong><\/td><td class=\"column-2\"><\/td>\n<\/tr>\n<tr class=\"row-45\">\n\t<td class=\"column-1\">Fogimplant\u00e1tum - Nobel Biocare<\/td><td class=\"column-2\">260.000 HUF-t\u00f3l<\/td>\n<\/tr>\n<tr class=\"row-46\">\n\t<td class=\"column-1\">Fogimplant\u00e1tum - Megagen (AnyRidge)<\/td><td class=\"column-2\">250.000 HUF<\/td>\n<\/tr>\n<tr class=\"row-47\">\n\t<td class=\"column-1\">Fogimplant\u00e1tum - Straumann Neodent<\/td><td class=\"column-2\">169.000 HUF<\/td>\n<\/tr>\n<tr class=\"row-48\">\n\t<td class=\"column-1\">Fogimplant\u00e1tum - Alpha Bio Multi Neo<\/td><td class=\"column-2\">169.000 HUF<\/td>\n<\/tr>\n<tr class=\"row-49\">\n\t<td class=\"column-1\">Implant\u00e1tum fel\u00e9p\u00edtm\u00e9ny<\/td><td class=\"column-2\">75.000 HUF-t\u00f3l<\/td>\n<\/tr>\n<tr class=\"row-50\">\n\t<td class=\"column-1\">Csontp\u00f3tl\u00e1s<\/td><td class=\"column-2\">350.000 HUF-t\u00f3l<\/td>\n<\/tr>\n<tr class=\"row-51\">\n\t<td class=\"column-1\">Arc\u00fcregemel\u00e9s (Sinus lift teljes kezel\u00e9s \u00e1ra)<\/td><td class=\"column-2\">300 0000 HUF-t\u00f3l<\/td>\n<\/tr>\n<tr class=\"row-52\">\n\t<td class=\"column-1\"><\/td><td class=\"column-2\"><\/td>\n<\/tr>\n<tr class=\"row-53\">\n\t<td class=\"column-1\"><strong>Sz\u00e1jseb\u00e9szet<\/strong><\/td><td class=\"column-2\"><\/td>\n<\/tr>\n<tr class=\"row-54\">\n\t<td class=\"column-1\">Fogelt\u00e1vol\u00edt\u00e1s<\/td><td class=\"column-2\">36.500 Ft<\/td>\n<\/tr>\n<tr class=\"row-55\">\n\t<td class=\"column-1\">M\u0171t\u00e9ti fogelt\u00e1vol\u00edt\u00e1s<\/td><td class=\"column-2\">65.000 Ft<\/td>\n<\/tr>\n<tr class=\"row-56\">\n\t<td class=\"column-1\">B\u00f6lcsess\u00e9gfog elt\u00e1vol\u00edt\u00e1s<\/td><td class=\"column-2\">45.000 Ft<\/td>\n<\/tr>\n<tr class=\"row-57\">\n\t<td class=\"column-1\">M\u0171t\u00e9ti b\u00f6lcsess\u00e9gfog elt\u00e1vol\u00edt\u00e1s<\/td><td class=\"column-2\">69.000 Ft<\/td>\n<\/tr>\n<tr class=\"row-58\">\n\t<td class=\"column-1\">Rezekci\u00f3<\/td><td class=\"column-2\">59.000 Ft-t\u00f3l<\/td>\n<\/tr>\n<tr class=\"row-59\">\n\t<td class=\"column-1\">L\u00e9zeres, \u00ednykorrekci\u00f3<\/td><td class=\"column-2\">22.000 Ft-t\u00f3l<\/td>\n<\/tr>\n<tr class=\"row-60\">\n\t<td class=\"column-1\"><\/td><td class=\"column-2\"><\/td>\n<\/tr>\n<tr class=\"row-61\">\n\t<td class=\"column-1\"><strong>Fogszab\u00e1lyoz\u00e1s<\/strong><\/td><td class=\"column-2\"><\/td>\n<\/tr>\n<tr class=\"row-62\">\n\t<td class=\"column-1\">Szakorvosi konzult\u00e1ci\u00f3<\/td><td class=\"column-2\">16.000 Ft-t\u00f3l<\/td>\n<\/tr>\n<tr class=\"row-63\">\n\t<td class=\"column-1\">Teler\u00f6ntgen<\/td><td class=\"column-2\">14.000 Ft<\/td>\n<\/tr>\n<tr class=\"row-64\">\n\t<td class=\"column-1\">Fogszab\u00e1lyoz\u00e1s kezel\u00e9si terv elk\u00e9sz\u00edt\u00e9se, \u00e1tad\u00e1sa<\/td><td class=\"column-2\">30.000 Ft<\/td>\n<\/tr>\n<tr class=\"row-65\">\n\t<td class=\"column-1\">Fogszab\u00e1lyoz\u00f3 k\u00e9sz\u00fcl\u00e9kek \/ \u00e1llcsont<\/td><td class=\"column-2\">390.000 Ft-t\u00f3l<\/td>\n<\/tr>\n<tr class=\"row-66\">\n\t<td class=\"column-1\">Kivehet\u0151 k\u00e9sz\u00fcl\u00e9kek<\/td><td class=\"column-2\">60.000 HUF \/ \u00e1llcsontt\u00f3l<\/td>\n<\/tr>\n<\/tbody>\n<\/table>\n<!-- #tablepress-1 from cache -->\n","protected":false},"excerpt":{"rendered":"<p>Optimadent promises straightforward pricing since the first moment. Ask for your detailed treatment plan now!<\/p>\n","protected":false},"author":5,"featured_media":946,"parent":746,"menu_order":70,"comment_status":"closed","ping_status":"closed","template":"","meta":{"_acf_changed":false,"footnotes":""},"class_list":["post-1566","page","type-page","status-publish","has-post-thumbnail","hentry"],"acf":[],"aioseo_notices":[],"_links":{"self":[{"href":"https:\/\/www.optimadent.hu\/en\/wp-json\/wp\/v2\/pages\/1566"}],"collection":[{"href":"https:\/\/www.optimadent.hu\/en\/wp-json\/wp\/v2\/pages"}],"about":[{"href":"https:\/\/www.optimadent.hu\/en\/wp-json\/wp\/v2\/types\/page"}],"author":[{"embeddable":true,"href":"https:\/\/www.optimadent.hu\/en\/wp-json\/wp\/v2\/users\/5"}],"replies":[{"embeddable":true,"href":"https:\/\/www.optimadent.hu\/en\/wp-json\/wp\/v2\/comments?post=1566"}],"version-history":[{"count":14,"href":"https:\/\/www.optimadent.hu\/en\/wp-json\/wp\/v2\/pages\/1566\/revisions"}],"predecessor-version":[{"id":1607,"href":"https:\/\/www.optimadent.hu\/en\/wp-json\/wp\/v2\/pages\/1566\/revisions\/1607"}],"up":[{"embeddable":true,"href":"https:\/\/www.optimadent.hu\/en\/wp-json\/wp\/v2\/pages\/746"}],"wp:featuredmedia":[{"embeddable":true,"href":"https:\/\/www.optimadent.hu\/en\/wp-json\/wp\/v2\/media\/946"}],"wp:attachment":[{"href":"https:\/\/www.optimadent.hu\/en\/wp-json\/wp\/v2\/media?parent=1566"}],"curies":[{"name":"wp","href":"https:\/\/api.w.org\/{rel}","templated":true}]}}