{"id":1477,"date":"2016-05-11T08:20:48","date_gmt":"2016-05-11T08:20:48","guid":{"rendered":"http:\/\/www.optimadent.hu\/en\/?page_id=1477"},"modified":"2016-05-30T10:20:14","modified_gmt":"2016-05-30T10:20:14","slug":"contact-data-on-frontpage","status":"publish","type":"page","link":"https:\/\/www.optimadent.hu\/en\/contact-data-on-frontpage\/","title":{"rendered":"Contact data on frontpage"},"content":{"rendered":"<h4>Csillagv\u00e1r Shopping Center<\/h4>\n<ul>\n<li>Budapest 1039, III. district, R\u00e1k\u00f3czi str. 36., Csillagv\u00e1r Shopping Center, 1st floor<\/li>\n<li>06 1 240 6190<\/li>\n<li>Opening hours: Monday-Friday: 09:00 \u2013 20:00, Saturday: 9:00 \u2013 18:00,<\/li>\n<\/ul>\n","protected":false},"excerpt":{"rendered":"<p>Csillagv\u00e1r Shopping Center Budapest 1039, III. district, R\u00e1k\u00f3czi str. 36., Csillagv\u00e1r Shopping Center, 1st floor 06 1 240 6190 Opening hours: Monday-Friday: 09:00 \u2013 20:00, Saturday: 9:00 \u2013 18:00,<\/p>\n","protected":false},"author":3,"featured_media":0,"parent":0,"menu_order":75,"comment_status":"closed","ping_status":"closed","template":"","meta":{"_acf_changed":false,"footnotes":""},"class_list":["post-1477","page","type-page","status-publish","hentry"],"acf":[],"aioseo_notices":[],"_links":{"self":[{"href":"https:\/\/www.optimadent.hu\/en\/wp-json\/wp\/v2\/pages\/1477"}],"collection":[{"href":"https:\/\/www.optimadent.hu\/en\/wp-json\/wp\/v2\/pages"}],"about":[{"href":"https:\/\/www.optimadent.hu\/en\/wp-json\/wp\/v2\/types\/page"}],"author":[{"embeddable":true,"href":"https:\/\/www.optimadent.hu\/en\/wp-json\/wp\/v2\/users\/3"}],"replies":[{"embeddable":true,"href":"https:\/\/www.optimadent.hu\/en\/wp-json\/wp\/v2\/comments?post=1477"}],"version-history":[{"count":3,"href":"https:\/\/www.optimadent.hu\/en\/wp-json\/wp\/v2\/pages\/1477\/revisions"}],"predecessor-version":[{"id":1954,"href":"https:\/\/www.optimadent.hu\/en\/wp-json\/wp\/v2\/pages\/1477\/revisions\/1954"}],"wp:attachment":[{"href":"https:\/\/www.optimadent.hu\/en\/wp-json\/wp\/v2\/media?parent=1477"}],"curies":[{"name":"wp","href":"https:\/\/api.w.org\/{rel}","templated":true}]}}