{"id":1004,"date":"2016-04-06T14:51:37","date_gmt":"2016-04-06T14:51:37","guid":{"rendered":"http:\/\/teszt.optimadent.hu\/en\/?page_id=1004"},"modified":"2016-05-09T13:41:40","modified_gmt":"2016-05-09T13:41:40","slug":"contact-us","status":"publish","type":"page","link":"https:\/\/www.optimadent.hu\/en\/about-us\/contact-us\/","title":{"rendered":"Contact us"},"content":{"rendered":"<ul>\n<li>Budapest 1039, III. district,\u00a0R\u00e1k\u00f3czi str. 36., Csillagv\u00e1r Shopping Centert, I.\u00a0floor\u00a0&#8211; <a id=\"#mymap\" class=\"openmap\" href=\"#\">Ckeck the map<\/a><\/li>\n<li>06 1 240 6190<\/li>\n<li>Monday-Friday: 09:00 &#8211; 20:00, Saturday 09:00 &#8211; 18:00<\/li>\n<\/ul>\n\n<div class=\"wpcf7 no-js\" id=\"wpcf7-f790-o1\" lang=\"hu-HU\" dir=\"ltr\" data-wpcf7-id=\"790\">\n<div class=\"screen-reader-response\"><p role=\"status\" aria-live=\"polite\" aria-atomic=\"true\"><\/p> <ul><\/ul><\/div>\n<form action=\"\/en\/wp-json\/wp\/v2\/pages\/1004#wpcf7-f790-o1\" method=\"post\" class=\"wpcf7-form init\" aria-label=\"Kapcsolatfelv\u00e9teli \u0171rlap\" novalidate=\"novalidate\" data-status=\"init\">\n<div style=\"display: none;\">\n<input type=\"hidden\" name=\"_wpcf7\" value=\"790\" \/>\n<input type=\"hidden\" name=\"_wpcf7_version\" value=\"6.0.6\" \/>\n<input type=\"hidden\" name=\"_wpcf7_locale\" value=\"hu_HU\" \/>\n<input type=\"hidden\" name=\"_wpcf7_unit_tag\" value=\"wpcf7-f790-o1\" \/>\n<input type=\"hidden\" name=\"_wpcf7_container_post\" value=\"0\" \/>\n<input type=\"hidden\" name=\"_wpcf7_posted_data_hash\" value=\"\" \/>\n<input type=\"hidden\" name=\"_wpcf7_recaptcha_response\" value=\"\" \/>\n<\/div>\n<div class=\"detailedcontact\">\n\t<div class=\"ctitle\">\n\t\t<p>To request an appointment, please fill in the form below.\n\t\t<\/p>\n\t<\/div>\n\t<div class=\"cbody\">\n\t\t<div class=\"inner\">\n\t\t\t<div class=\"formrow clearfix\">\n\t\t\t\t<div class=\"formcol\">\n\t\t\t\t\t<p><label>Last name<\/label><span class=\"wpcf7-form-control-wrap\" data-name=\"vnev\"><input size=\"40\" maxlength=\"400\" class=\"wpcf7-form-control wpcf7-text wpcf7-validates-as-required\" aria-required=\"true\" aria-invalid=\"false\" value=\"\" type=\"text\" name=\"vnev\" \/><\/span>\n\t\t\t\t\t<\/p>\n\t\t\t\t<\/div>\n\t\t\t\t<div class=\"formcol\">\n\t\t\t\t\t<p><label>First name:<\/label><span class=\"wpcf7-form-control-wrap\" data-name=\"knev\"><input size=\"40\" maxlength=\"400\" class=\"wpcf7-form-control wpcf7-text wpcf7-validates-as-required\" aria-required=\"true\" aria-invalid=\"false\" value=\"\" type=\"text\" name=\"knev\" \/><\/span>\n\t\t\t\t\t<\/p>\n\t\t\t\t<\/div>\n\t\t\t<\/div>\n\t\t\t<div class=\"formrow clearfix\">\n\t\t\t\t<div class=\"formcol\">\n\t\t\t\t\t<p><label>E-mail address:<\/label><span class=\"wpcf7-form-control-wrap\" data-name=\"email\"><input size=\"40\" maxlength=\"400\" class=\"wpcf7-form-control wpcf7-email wpcf7-validates-as-required wpcf7-text wpcf7-validates-as-email\" aria-required=\"true\" aria-invalid=\"false\" value=\"\" type=\"email\" name=\"email\" \/><\/span>\n\t\t\t\t\t<\/p>\n\t\t\t\t<\/div>\n\t\t\t\t<div class=\"formcol\">\n\t\t\t\t\t<p><label>Phone number:<\/label><span class=\"wpcf7-form-control-wrap\" data-name=\"tel\"><input size=\"40\" maxlength=\"400\" class=\"wpcf7-form-control wpcf7-text wpcf7-validates-as-required\" aria-required=\"true\" aria-invalid=\"false\" value=\"\" type=\"text\" name=\"tel\" \/><\/span>\n\t\t\t\t\t<\/p>\n\t\t\t\t<\/div>\n\t\t\t<\/div>\n\t\t\t<div class=\"formrow clearfix\">\n\t\t\t\t<div class=\"formcol\">\n\t\t\t\t\t<p><label>On what day would you like to visit?<\/label><span class=\"wpcf7-form-control-wrap\" data-name=\"latogatas\"><input class=\"wpcf7-form-control wpcf7-date wpcf7-validates-as-required wpcf7-validates-as-date\" aria-required=\"true\" aria-invalid=\"false\" value=\"\" type=\"date\" name=\"latogatas\" \/><\/span>\n\t\t\t\t\t<\/p>\n\t\t\t\t<\/div>\n\t\t\t<\/div>\n\t\t\t<div class=\"formrow clearfix check\">\n\t\t\t\t<p><label>At what time would you like to visit?<\/label><span class=\"wpcf7-form-control-wrap\" data-name=\"idopont\"><span class=\"wpcf7-form-control wpcf7-checkbox\"><span class=\"wpcf7-list-item first\"><input type=\"checkbox\" name=\"idopont[]\" value=\"10:00-12:00\" \/><span class=\"wpcf7-list-item-label\">10:00-12:00<\/span><\/span><span class=\"wpcf7-list-item\"><input type=\"checkbox\" name=\"idopont[]\" value=\"12:00-14:00\" \/><span class=\"wpcf7-list-item-label\">12:00-14:00<\/span><\/span><span class=\"wpcf7-list-item\"><input type=\"checkbox\" name=\"idopont[]\" value=\"14:00-16:00\" \/><span class=\"wpcf7-list-item-label\">14:00-16:00<\/span><\/span><span class=\"wpcf7-list-item last\"><input type=\"checkbox\" name=\"idopont[]\" value=\"16:00-18:00\" \/><span class=\"wpcf7-list-item-label\">16:00-18:00<\/span><\/span><\/span><\/span>\n\t\t\t\t<\/p>\n\t\t\t<\/div>\n\t\t\t<div class=\"formrow clearfix\">\n\t\t\t\t<p><label>Your message:<\/label><span class=\"wpcf7-form-control-wrap\" data-name=\"message\"><textarea cols=\"40\" rows=\"10\" maxlength=\"2000\" class=\"wpcf7-form-control wpcf7-textarea\" aria-invalid=\"false\" name=\"message\"><\/textarea><\/span>\n\t\t\t\t<\/p>\n\t\t\t<\/div>\n\t\t\t<div class=\"formrow clearfix\">\n\t\t\t\t<p><input class=\"wpcf7-form-control wpcf7-submit has-spinner\" type=\"submit\" value=\"Send now\" \/>\n\t\t\t\t<\/p>\n\t\t\t<\/div>\n\t\t<\/div>\n\t<\/div>\n<\/div><div class=\"wpcf7-response-output\" aria-hidden=\"true\"><\/div>\n<\/form>\n<\/div>\n\n","protected":false},"excerpt":{"rendered":"<p>Budapest 1039, III. district,\u00a0R\u00e1k\u00f3czi str. 36., Csillagv\u00e1r Shopping Centert, I.\u00a0floor\u00a0&#8211; Ckeck the map 06 1 240 6190 Monday-Friday: 09:00 &#8211; 20:00, Saturday 09:00 &#8211; 18:00<\/p>\n","protected":false},"author":3,"featured_media":4421,"parent":736,"menu_order":116,"comment_status":"closed","ping_status":"closed","template":"page-full.php","meta":{"_acf_changed":false,"footnotes":""},"class_list":["post-1004","page","type-page","status-publish","has-post-thumbnail","hentry"],"acf":[],"aioseo_notices":[],"_links":{"self":[{"href":"https:\/\/www.optimadent.hu\/en\/wp-json\/wp\/v2\/pages\/1004"}],"collection":[{"href":"https:\/\/www.optimadent.hu\/en\/wp-json\/wp\/v2\/pages"}],"about":[{"href":"https:\/\/www.optimadent.hu\/en\/wp-json\/wp\/v2\/types\/page"}],"author":[{"embeddable":true,"href":"https:\/\/www.optimadent.hu\/en\/wp-json\/wp\/v2\/users\/3"}],"replies":[{"embeddable":true,"href":"https:\/\/www.optimadent.hu\/en\/wp-json\/wp\/v2\/comments?post=1004"}],"version-history":[{"count":4,"href":"https:\/\/www.optimadent.hu\/en\/wp-json\/wp\/v2\/pages\/1004\/revisions"}],"predecessor-version":[{"id":1452,"href":"https:\/\/www.optimadent.hu\/en\/wp-json\/wp\/v2\/pages\/1004\/revisions\/1452"}],"up":[{"embeddable":true,"href":"https:\/\/www.optimadent.hu\/en\/wp-json\/wp\/v2\/pages\/736"}],"wp:featuredmedia":[{"embeddable":true,"href":"https:\/\/www.optimadent.hu\/en\/wp-json\/wp\/v2\/media\/4421"}],"wp:attachment":[{"href":"https:\/\/www.optimadent.hu\/en\/wp-json\/wp\/v2\/media?parent=1004"}],"curies":[{"name":"wp","href":"https:\/\/api.w.org\/{rel}","templated":true}]}}